{"id":102,"date":"2016-10-29T19:00:29","date_gmt":"2016-10-29T19:00:29","guid":{"rendered":"https:\/\/diehebammeimseewinkel.at\/?page_id=102"},"modified":"2025-08-30T11:56:46","modified_gmt":"2025-08-30T11:56:46","slug":"termine","status":"publish","type":"page","link":"https:\/\/diehebammeimseewinkel.at\/?page_id=102","title":{"rendered":"Termine"},"content":{"rendered":"<h4>Geburtsvorbereitungskurse<\/h4>\n<p>Derzeit sind leider keine Geburtsvorbereitungskurse in Pr\u00e4senz geplant.<\/p>\n<p>Meine Kollegin Esther Pimon &amp; ich haben jedoch als flexible Alternative einen <strong>online GEBURTSVORBEREITUNGSKURS<\/strong> erstellt.<\/p>\n<p>N\u00e4here Informationen findet Ihr hier am Flyer, sowie online auf unserer Homepage <a href=\"http:\/\/www.informed-motherhood.at\">Informed Motherhood.<\/a><\/p>\n<p><img loading=\"lazy\" decoding=\"async\" class=\"alignnone size-full wp-image-672\" src=\"https:\/\/diehebammeimseewinkel.at\/wp-content\/uploads\/2023\/03\/Folder_Seite1.jpg\" alt=\"\" width=\"757\" height=\"807\" srcset=\"https:\/\/diehebammeimseewinkel.at\/wp-content\/uploads\/2023\/03\/Folder_Seite1.jpg 757w, https:\/\/diehebammeimseewinkel.at\/wp-content\/uploads\/2023\/03\/Folder_Seite1-281x300.jpg 281w\" sizes=\"auto, (max-width: 757px) 100vw, 757px\" \/><\/p>\n<p><img loading=\"lazy\" decoding=\"async\" class=\"alignnone size-full wp-image-673\" src=\"https:\/\/diehebammeimseewinkel.at\/wp-content\/uploads\/2023\/03\/Folder_Seite2.jpg\" alt=\"\" width=\"768\" height=\"816\" srcset=\"https:\/\/diehebammeimseewinkel.at\/wp-content\/uploads\/2023\/03\/Folder_Seite2.jpg 768w, https:\/\/diehebammeimseewinkel.at\/wp-content\/uploads\/2023\/03\/Folder_Seite2-282x300.jpg 282w\" sizes=\"auto, (max-width: 768px) 100vw, 768px\" \/><\/p>\n<div class=\"space_20 clearfix\"><\/div>\n<p>Derzeit arbeite ich an weiteren neuen Angeboten, Ihr d\u00fcrft gespannt sein \ud83d\ude42<\/p>\n<div class=\"space_40 clearfix\"><\/div>\n<h4><strong><span style=\"color: #99cc00;\">\u00a0Urlaub:<\/span>\u00a0<\/strong><\/h4>\n<p>30.08.- 17.09.2025<\/p>\n<p>24.12.25- 18.01.2026<\/p>\n<p>Im Falle einer Anmeldung f\u00fcr diesen Zeitraum, gibt es f\u00fcr euch keinen zus\u00e4tzlichen Organisationsaufwand. Eine Kollegin wird mich in dieser Zeit bei notwendigen Wochenbettbesuchen vertreten und erreichbar sein.<\/p>\n<p>Nat\u00fcrlich gebe ich euch diesbez\u00fcglich rechtzeitig n\u00e4here Infos bekannt.<\/p>\n\n\n<p><\/p>\n","protected":false},"excerpt":{"rendered":"<p>Geburtsvorbereitungskurse Derzeit sind leider keine Geburtsvorbereitungskurse in Pr\u00e4senz geplant. Meine Kollegin Esther Pimon &amp; ich haben jedoch als flexible Alternative einen online GEBURTSVORBEREITUNGSKURS erstellt. N\u00e4here Informationen findet Ihr hier am Flyer, sowie online auf unserer Homepage Informed Motherhood. Derzeit arbeite &hellip; <a href=\"https:\/\/diehebammeimseewinkel.at\/?page_id=102\">Weiter<\/a><\/p>\n","protected":false},"author":1,"featured_media":0,"parent":0,"menu_order":0,"comment_status":"closed","ping_status":"closed","template":"","meta":{"om_disable_all_campaigns":false,"_monsterinsights_skip_tracking":false,"_monsterinsights_sitenote_active":false,"_monsterinsights_sitenote_note":"","_monsterinsights_sitenote_category":0,"_uf_show_specific_survey":0,"_uf_disable_surveys":false,"footnotes":""},"class_list":["post-102","page","type-page","status-publish","hentry"],"aioseo_notices":[],"_links":{"self":[{"href":"https:\/\/diehebammeimseewinkel.at\/index.php?rest_route=\/wp\/v2\/pages\/102","targetHints":{"allow":["GET"]}}],"collection":[{"href":"https:\/\/diehebammeimseewinkel.at\/index.php?rest_route=\/wp\/v2\/pages"}],"about":[{"href":"https:\/\/diehebammeimseewinkel.at\/index.php?rest_route=\/wp\/v2\/types\/page"}],"author":[{"embeddable":true,"href":"https:\/\/diehebammeimseewinkel.at\/index.php?rest_route=\/wp\/v2\/users\/1"}],"replies":[{"embeddable":true,"href":"https:\/\/diehebammeimseewinkel.at\/index.php?rest_route=%2Fwp%2Fv2%2Fcomments&post=102"}],"version-history":[{"count":98,"href":"https:\/\/diehebammeimseewinkel.at\/index.php?rest_route=\/wp\/v2\/pages\/102\/revisions"}],"predecessor-version":[{"id":721,"href":"https:\/\/diehebammeimseewinkel.at\/index.php?rest_route=\/wp\/v2\/pages\/102\/revisions\/721"}],"wp:attachment":[{"href":"https:\/\/diehebammeimseewinkel.at\/index.php?rest_route=%2Fwp%2Fv2%2Fmedia&parent=102"}],"curies":[{"name":"wp","href":"https:\/\/api.w.org\/{rel}","templated":true}]}}