{"id":11,"date":"2016-10-18T18:59:36","date_gmt":"2016-10-18T18:59:36","guid":{"rendered":"https:\/\/diehebammeimseewinkel.at\/?page_id=11"},"modified":"2019-03-01T10:53:24","modified_gmt":"2019-03-01T10:53:24","slug":"sophie-hafner","status":"publish","type":"page","link":"https:\/\/diehebammeimseewinkel.at\/","title":{"rendered":""},"content":{"rendered":"<h1 style=\"text-align: center;\">Als Hebamme begleite ich\u00a0Euch durch H\u00f6hen und Tiefen w\u00e4hrend der Schwangerschaft und der ersten Zeit nach der Geburt- ich unterst\u00fctze, berate &amp; betreue Euch!<\/h1>\n<p>&nbsp;<\/p>\n<div class=\"space_20 clearfix\"><\/div>\n<div class=\"pullquote pullquote-center\">\n<blockquote>\n<p style=\"text-align: center\"><em>&#8222;Im Menschenleben ist es wie auf der Reise. Die ersten Schritte bestimmen den ganzen Weg.&#8220;<br \/>\n<\/em>(Arthur Schopenhauer)<\/div>\n<\/blockquote>\n<p style=\"text-align: center;\">W\u00e4hrend dieser Reise der Schwangerschaft und der ersten Momente m\u00f6chte ich Dich\/ Euch gerne helfen sie zu etwas Besonderem zu gestalten.<\/p>\n<div class=\"space_80 clearfix\"><\/div>\n<p>&nbsp;<\/p>\n<p>&nbsp;<\/p>\n<p style=\"text-align: center;\">Im Rahmen meiner freiberuflichen T\u00e4tigkeit als Hebamme betreue ich Frauen, Paare und Familien w\u00e4hrend der Schwangerschaft und<\/p>\n<p style=\"text-align: center;\">Wochenbett in den burgenl\u00e4ndischen Bezirken Neusiedl\/See und Eisenstadt Umgebung.<\/p>\n<div class=\"space_20 clearfix\"><\/div>\n<p>&nbsp;<\/p>\n<p style=\"text-align: center;\">Ich freue mich auf ein pers\u00f6nliches Kennenlernen!<\/p>\n<div class=\"space_20 clearfix\"><\/div>\n<p><strong>\u00a0<\/strong><\/p>\n<p>&nbsp;<\/p>\n<p>&nbsp;<\/p>\n<p><img loading=\"lazy\" decoding=\"async\" class=\"size-medium wp-image-53 aligncenter\" src=\"https:\/\/diehebammeimseewinkel.at\/wp-content\/uploads\/2016\/10\/sophie_homepage-300x246.jpg\" alt=\"sophie_homepage\" width=\"300\" height=\"246\" srcset=\"https:\/\/diehebammeimseewinkel.at\/wp-content\/uploads\/2016\/10\/sophie_homepage-300x246.jpg 300w, https:\/\/diehebammeimseewinkel.at\/wp-content\/uploads\/2016\/10\/sophie_homepage-768x630.jpg 768w, https:\/\/diehebammeimseewinkel.at\/wp-content\/uploads\/2016\/10\/sophie_homepage-1024x840.jpg 1024w\" sizes=\"auto, (max-width: 300px) 100vw, 300px\" \/><\/p>\n<p>&nbsp;<\/p>\n<p>&nbsp;<\/p>\n<p>&nbsp;<\/p>\n","protected":false},"excerpt":{"rendered":"<p>Als Hebamme begleite ich\u00a0Euch durch H\u00f6hen und Tiefen w\u00e4hrend der Schwangerschaft und der ersten Zeit nach der Geburt- ich unterst\u00fctze, berate &amp; betreue Euch! &nbsp; W\u00e4hrend dieser Reise der Schwangerschaft und der ersten Momente m\u00f6chte ich Dich\/ Euch gerne helfen &hellip; <a href=\"https:\/\/diehebammeimseewinkel.at\/\">Weiter<\/a><\/p>\n","protected":false},"author":1,"featured_media":0,"parent":0,"menu_order":0,"comment_status":"closed","ping_status":"closed","template":"","meta":{"om_disable_all_campaigns":false,"_monsterinsights_skip_tracking":false,"_monsterinsights_sitenote_active":false,"_monsterinsights_sitenote_note":"","_monsterinsights_sitenote_category":0,"_uf_show_specific_survey":0,"_uf_disable_surveys":false,"footnotes":""},"class_list":["post-11","page","type-page","status-publish","hentry"],"aioseo_notices":[],"_links":{"self":[{"href":"https:\/\/diehebammeimseewinkel.at\/index.php?rest_route=\/wp\/v2\/pages\/11","targetHints":{"allow":["GET"]}}],"collection":[{"href":"https:\/\/diehebammeimseewinkel.at\/index.php?rest_route=\/wp\/v2\/pages"}],"about":[{"href":"https:\/\/diehebammeimseewinkel.at\/index.php?rest_route=\/wp\/v2\/types\/page"}],"author":[{"embeddable":true,"href":"https:\/\/diehebammeimseewinkel.at\/index.php?rest_route=\/wp\/v2\/users\/1"}],"replies":[{"embeddable":true,"href":"https:\/\/diehebammeimseewinkel.at\/index.php?rest_route=%2Fwp%2Fv2%2Fcomments&post=11"}],"version-history":[{"count":39,"href":"https:\/\/diehebammeimseewinkel.at\/index.php?rest_route=\/wp\/v2\/pages\/11\/revisions"}],"predecessor-version":[{"id":291,"href":"https:\/\/diehebammeimseewinkel.at\/index.php?rest_route=\/wp\/v2\/pages\/11\/revisions\/291"}],"wp:attachment":[{"href":"https:\/\/diehebammeimseewinkel.at\/index.php?rest_route=%2Fwp%2Fv2%2Fmedia&parent=11"}],"curies":[{"name":"wp","href":"https:\/\/api.w.org\/{rel}","templated":true}]}}