{"id":49,"date":"2016-10-26T09:46:06","date_gmt":"2016-10-26T09:46:06","guid":{"rendered":"https:\/\/diehebammeimseewinkel.at\/?page_id=49"},"modified":"2017-12-02T01:54:11","modified_gmt":"2017-12-02T01:54:11","slug":"ueber-mich","status":"publish","type":"page","link":"https:\/\/diehebammeimseewinkel.at\/?page_id=49","title":{"rendered":"PhiloSophie"},"content":{"rendered":"<h3><u>Mein Leitgedanke<\/u><\/h3>\n<div class=\"pullquote pullquote-center\">\n<blockquote><p><em>Man kann einen Menschen nichts lehren, <\/em><br \/>\n<em> man kann ihm nur helfen, <\/em><br \/>\n<em> es in sich selbst zu finden.<\/em><\/p><\/blockquote>\n<\/div>\n<p>(Galileo Galilei)<\/p>\n<p style=\"text-align: center;\"><span style=\"text-decoration: line-through;\">\u00a0<\/span><\/p>\n<p style=\"text-align: center;\">Als Hebamme ist es mir besonders wichtig, Dich w\u00e4hrend Schwangerschaft und Wochenbett individuell und ganzheitlich durch die Kraft Deiner eigenen Ressourcen zu unterst\u00fctzen. Bei der Betreuung ist es mir auch ein Anliegen auf Deine Bed\u00fcrfnisse in vertrauensvoller Atmosph\u00e4re und auf Fragen ausf\u00fchrlich und verst\u00e4ndlich einzugehen, sowie Tipps &amp; Tricks, die den Alltag erleichtern, mit Dir zu teilen.<\/p>\n<p style=\"text-align: center;\"><img loading=\"lazy\" decoding=\"async\" class=\" wp-image-119 aligncenter\" src=\"https:\/\/diehebammeimseewinkel.at\/wp-content\/uploads\/2016\/10\/dsc_0747jpg_28801296083_o-300x200.jpg\" alt=\"dsc_0747jpg_28801296083_o\" width=\"362\" height=\"242\" srcset=\"https:\/\/diehebammeimseewinkel.at\/wp-content\/uploads\/2016\/10\/dsc_0747jpg_28801296083_o-300x200.jpg 300w, https:\/\/diehebammeimseewinkel.at\/wp-content\/uploads\/2016\/10\/dsc_0747jpg_28801296083_o-768x511.jpg 768w, https:\/\/diehebammeimseewinkel.at\/wp-content\/uploads\/2016\/10\/dsc_0747jpg_28801296083_o-1024x682.jpg 1024w\" sizes=\"auto, (max-width: 362px) 100vw, 362px\" \/><\/p>\n","protected":false},"excerpt":{"rendered":"<p>Mein Leitgedanke (Galileo Galilei) \u00a0 Als Hebamme ist es mir besonders wichtig, Dich w\u00e4hrend Schwangerschaft und Wochenbett individuell und ganzheitlich durch die Kraft Deiner eigenen Ressourcen zu unterst\u00fctzen. Bei der Betreuung ist es mir auch ein Anliegen auf Deine Bed\u00fcrfnisse &hellip; <a href=\"https:\/\/diehebammeimseewinkel.at\/?page_id=49\">Weiter<\/a><\/p>\n","protected":false},"author":1,"featured_media":0,"parent":0,"menu_order":0,"comment_status":"closed","ping_status":"closed","template":"","meta":{"om_disable_all_campaigns":false,"_monsterinsights_skip_tracking":false,"_monsterinsights_sitenote_active":false,"_monsterinsights_sitenote_note":"","_monsterinsights_sitenote_category":0,"_uf_show_specific_survey":0,"_uf_disable_surveys":false,"footnotes":""},"class_list":["post-49","page","type-page","status-publish","hentry"],"aioseo_notices":[],"_links":{"self":[{"href":"https:\/\/diehebammeimseewinkel.at\/index.php?rest_route=\/wp\/v2\/pages\/49","targetHints":{"allow":["GET"]}}],"collection":[{"href":"https:\/\/diehebammeimseewinkel.at\/index.php?rest_route=\/wp\/v2\/pages"}],"about":[{"href":"https:\/\/diehebammeimseewinkel.at\/index.php?rest_route=\/wp\/v2\/types\/page"}],"author":[{"embeddable":true,"href":"https:\/\/diehebammeimseewinkel.at\/index.php?rest_route=\/wp\/v2\/users\/1"}],"replies":[{"embeddable":true,"href":"https:\/\/diehebammeimseewinkel.at\/index.php?rest_route=%2Fwp%2Fv2%2Fcomments&post=49"}],"version-history":[{"count":7,"href":"https:\/\/diehebammeimseewinkel.at\/index.php?rest_route=\/wp\/v2\/pages\/49\/revisions"}],"predecessor-version":[{"id":123,"href":"https:\/\/diehebammeimseewinkel.at\/index.php?rest_route=\/wp\/v2\/pages\/49\/revisions\/123"}],"wp:attachment":[{"href":"https:\/\/diehebammeimseewinkel.at\/index.php?rest_route=%2Fwp%2Fv2%2Fmedia&parent=49"}],"curies":[{"name":"wp","href":"https:\/\/api.w.org\/{rel}","templated":true}]}}