{"id":81,"date":"2016-10-26T17:03:39","date_gmt":"2016-10-26T17:03:39","guid":{"rendered":"https:\/\/diehebammeimseewinkel.at\/?page_id=81"},"modified":"2024-01-02T17:35:19","modified_gmt":"2024-01-02T17:35:19","slug":"nach-der-geburt","status":"publish","type":"page","link":"https:\/\/diehebammeimseewinkel.at\/?page_id=81","title":{"rendered":"Nach der Geburt"},"content":{"rendered":"<h4><strong>Beratung im Wochenbett<\/strong><\/h4>\n<p><em>Aller Anfang ist schwer<\/em>&#8211; gerne betreue und berate ich Dich in ersten Zeit nach der Geburt-\u00a0 sei es in Sachen<img loading=\"lazy\" decoding=\"async\" class=\"size-medium wp-image-285 alignright\" src=\"https:\/\/diehebammeimseewinkel.at\/wp-content\/uploads\/2016\/10\/dsc_5345jpg_37147890340_o1-300x200.jpg\" alt=\"\" width=\"300\" height=\"200\" srcset=\"https:\/\/diehebammeimseewinkel.at\/wp-content\/uploads\/2016\/10\/dsc_5345jpg_37147890340_o1-300x200.jpg 300w, https:\/\/diehebammeimseewinkel.at\/wp-content\/uploads\/2016\/10\/dsc_5345jpg_37147890340_o1-768x511.jpg 768w, https:\/\/diehebammeimseewinkel.at\/wp-content\/uploads\/2016\/10\/dsc_5345jpg_37147890340_o1-1024x682.jpg 1024w\" sizes=\"auto, (max-width: 300px) 100vw, 300px\" \/> Babypflege, Ern\u00e4hrung &amp; Stillen, Verhalten im Wochenbett, Wundheilung &amp; R\u00fcckbildung, Verh\u00fctung oder diverser Beschwerden.<\/p>\n<p>Vor allem das Thema Stillen ist mir ein gro\u00dfes Anliegen- ich unterst\u00fctze Dich bei Stillproblemen, zeige Dir die passende Position, und habe Tipps &amp; Tricks parat.<\/p>\n<p>Des Weiteren stehe ich Dir bei Sorgen zur Seite und nehme mir Zeit f\u00fcr Fragen.<img loading=\"lazy\" decoding=\"async\" class=\"size-medium wp-image-286 aligncenter\" src=\"https:\/\/diehebammeimseewinkel.at\/wp-content\/uploads\/2016\/10\/dsc_5460jpg_37374360402_o1-300x200.jpg\" alt=\"\" width=\"300\" height=\"200\" srcset=\"https:\/\/diehebammeimseewinkel.at\/wp-content\/uploads\/2016\/10\/dsc_5460jpg_37374360402_o1-300x200.jpg 300w, https:\/\/diehebammeimseewinkel.at\/wp-content\/uploads\/2016\/10\/dsc_5460jpg_37374360402_o1-768x511.jpg 768w, https:\/\/diehebammeimseewinkel.at\/wp-content\/uploads\/2016\/10\/dsc_5460jpg_37374360402_o1-1024x682.jpg 1024w\" sizes=\"auto, (max-width: 300px) 100vw, 300px\" \/><\/p>\n<p><strong>Zeitpunkt:<\/strong> nach der Krankenhausentlassung<\/p>\n<p><strong>Ort:<\/strong> Hausbesuch<\/p>\n<p><strong>Kosten:<\/strong> 95\u20ac\/ Termin zzgl. amtliches Kilometergeld von 0,42\u20ac\/km*\/**<\/p>\n<div class=\"space_40 clearfix\"><\/div>\n<h4>K- Taping\u00ae<\/h4>\n<figure id=\"attachment_161\" class=\"thumbnail wp-caption alignright\" style=\"width: 200px\"><img loading=\"lazy\" decoding=\"async\" class=\"size-medium wp-image-161\" src=\"https:\/\/diehebammeimseewinkel.at\/wp-content\/uploads\/2016\/10\/Stillende-200x300.jpg\" alt=\"Quelle: K- Taping\u00ae Academy (www.k-taping.de)\" width=\"200\" height=\"300\" srcset=\"https:\/\/diehebammeimseewinkel.at\/wp-content\/uploads\/2016\/10\/Stillende-200x300.jpg 200w, https:\/\/diehebammeimseewinkel.at\/wp-content\/uploads\/2016\/10\/Stillende.jpg 533w\" sizes=\"auto, (max-width: 200px) 100vw, 200px\" \/><figcaption class=\"caption wp-caption-text\">Quelle: K- Taping\u00ae Academy (www.k-taping.de)<\/figcaption><\/figure>\n<p>Gerade im Wochenbett, in R\u00fccksicht auf den gestillten S\u00e4ugling, ist es Frauen oft ein Anliegen Medikamente zu meiden. Trotzdem ist man nach der Geburt, in der Zeit der R\u00fcckbildung, besonderen Belastungen ausgesetzt: Die Statik \u00e4ndert sich erneut und die in den letzten Monaten beanspruchten Muskeln stehen im Ungleichgewicht mit den nun Schw\u00e4cheren, durch das Tragen des S\u00e4uglings entstehen neue Belastungen und Verspannungen. Des Weiteren ist zur gleichen Zeit die R\u00fcckbildung der Geb\u00e4rmutter und der vorliegenden Muskeln im Gange und die Brust mit der Entleerung der Milchkan\u00e4le besch\u00e4ftigt.<\/p>\n<p>Hierf\u00fcr kann das K- Tape\u00ae die ideale Behandlungserg\u00e4nzung sein: Es ist frei von medikament\u00f6sen Wirkstoffen und besteht aus reiner Baumwolle mit einer Beschichtung aus einem hautfreundlichen Acrylkleber. Die Wirkung wird durch eine Stimualtion der Hautrezeptoren hervorgerufen, welche im Gehirn eine bestimmte Reaktion (wie zum Beispiel L\u00f6sen der Verspannungshaltung) ausl\u00f6sen. Dies f\u00fchrt folglich zu einer Schmerzd\u00e4mpfung und verbessert die Tiefensensibilit\u00e4t. Weiters werden durch bestimmte Anlegetechniken Haut und Gewebe angehoben und f\u00fchren zu einer Verbesserung der Durchblutung, vermehrtem Stoffwechsel, sowie besserem Abfluss von Lymphfl\u00fcssigkeiten.<\/p>\n<p>Zusammengefasst ist das K- Tape eine wirkungsvolle und gleichzeitig nat\u00fcrliche Hilfe w\u00e4hrend der Wochenbettzeit.<\/p>\n<ul>\n<li>R\u00fcckbildung<\/li>\n<li>Nabelbruch<\/li>\n<li>Schmerzen in der Nackenmuskulatur sowie den Ileosakralgelenken<\/li>\n<li>Anheben der Brust zum vereinfachten Stillen<\/li>\n<li>Milchstau\/ Brustentz\u00fcndung<\/li>\n<li>Narben nach Kaiserschnitt<\/li>\n<li>Geb\u00e4rmuttersenkung<\/li>\n<li>Probleme beim Wasserlassen<\/li>\n<li>bei Babys: Bl\u00e4hungen &amp; Zahnungsschmerzen<\/li>\n<\/ul>\n<p><strong>Zeitpunkt:<\/strong> jederzeit in der Schwangerschaft &amp; im Wochenbett<\/p>\n<p><strong>Ort:<\/strong> Haubesuch<\/p>\n<p><strong>Kosten: <\/strong>Behandlungsgeb\u00fchr 20\u20ac (entf\u00e4llt im Rahmen einer anderen Hebammenleistung) zzgl. amtliches Kilometergeld von 0,42\u20ac\/km<\/p>\n<p style=\"padding-left: 60px;\">+ 15\u20ac Tapingmaterial Klein oder 30\u20ac Tapingmaterial Gro\u00df*\/***<\/p>\n<div class=\"space_40 clearfix\"><\/div>\n<p><strong>Auf Anfrage:<\/strong><\/p>\n<p>Babymassage &amp; Trageberatung<\/p>\n<p><img loading=\"lazy\" decoding=\"async\" class=\"size-medium wp-image-114 alignright\" src=\"https:\/\/diehebammeimseewinkel.at\/wp-content\/uploads\/2016\/10\/dsc_0939jpg_29817962885_o-300x200.jpg\" alt=\"dsc_0939jpg_29817962885_o\" width=\"300\" height=\"200\" srcset=\"https:\/\/diehebammeimseewinkel.at\/wp-content\/uploads\/2016\/10\/dsc_0939jpg_29817962885_o-300x200.jpg 300w, https:\/\/diehebammeimseewinkel.at\/wp-content\/uploads\/2016\/10\/dsc_0939jpg_29817962885_o-768x511.jpg 768w, https:\/\/diehebammeimseewinkel.at\/wp-content\/uploads\/2016\/10\/dsc_0939jpg_29817962885_o-1024x682.jpg 1024w\" sizes=\"auto, (max-width: 300px) 100vw, 300px\" \/><\/p>\n<p><img loading=\"lazy\" decoding=\"async\" class=\"size-medium wp-image-316 alignnone\" src=\"https:\/\/diehebammeimseewinkel.at\/wp-content\/uploads\/2016\/10\/dsc_5524jpg_37374380932_o-300x200.jpg\" alt=\"\" width=\"300\" height=\"200\" srcset=\"https:\/\/diehebammeimseewinkel.at\/wp-content\/uploads\/2016\/10\/dsc_5524jpg_37374380932_o-300x200.jpg 300w, https:\/\/diehebammeimseewinkel.at\/wp-content\/uploads\/2016\/10\/dsc_5524jpg_37374380932_o-768x511.jpg 768w, https:\/\/diehebammeimseewinkel.at\/wp-content\/uploads\/2016\/10\/dsc_5524jpg_37374380932_o-1024x682.jpg 1024w\" sizes=\"auto, (max-width: 300px) 100vw, 300px\" \/><\/p>\n<div class=\"space_40 clearfix\"><\/div>\n<p><em>*Diese Angebote sind Privatleistungen und werden daher nicht von der Krankenkasse \u00fcbernommen. Falls Du eine Zusatzversicherung abgeschlossen hast, k\u00f6nnte es sein, dass hier Kosten eventuell \u00fcbernommen werden. Bitte informiere Dich rechtzeitig bei Deiner privaten Versicherung.<\/em><\/p>\n<p><em>**Seit 01.01.2017 \u00fcbernimmt nun die Krankenkasse bei Hausbesuchen im Wochenbett diese Kosten beziehungsweise einen Teil der Kosten. In meinem Fall als Wahlhebamme entspricht dieser Anteil 80% des Kassentarifs (39,60\u20ac) sowie der Fahrtkosten und Materialpauschale (n\u00e4here Informationen unter <a href=\"https:\/\/diehebammeimseewinkel.at\/?page_id=51\">Angebote<\/a>&#8222;Hebammenleistungen&#8220;) .<\/em><\/p>\n<p>***<em>Ums\u00e4tze von Hebammen sind unecht umsatzsteuerbefreit, sodass die angef\u00fchrten Preise keine Umsatzsteuer enthalten<\/em><b>\u00a0<\/b><\/p>\n<p><em>\u00a0<\/em><\/p>\n","protected":false},"excerpt":{"rendered":"<p>Beratung im Wochenbett Aller Anfang ist schwer&#8211; gerne betreue und berate ich Dich in ersten Zeit nach der Geburt-\u00a0 sei es in Sachen Babypflege, Ern\u00e4hrung &amp; Stillen, Verhalten im Wochenbett, Wundheilung &amp; R\u00fcckbildung, Verh\u00fctung oder diverser Beschwerden. Vor allem das &hellip; <a href=\"https:\/\/diehebammeimseewinkel.at\/?page_id=81\">Weiter<\/a><\/p>\n","protected":false},"author":1,"featured_media":0,"parent":0,"menu_order":0,"comment_status":"closed","ping_status":"closed","template":"","meta":{"om_disable_all_campaigns":false,"_monsterinsights_skip_tracking":false,"_monsterinsights_sitenote_active":false,"_monsterinsights_sitenote_note":"","_monsterinsights_sitenote_category":0,"_uf_show_specific_survey":0,"_uf_disable_surveys":false,"footnotes":""},"class_list":["post-81","page","type-page","status-publish","hentry"],"aioseo_notices":[],"_links":{"self":[{"href":"https:\/\/diehebammeimseewinkel.at\/index.php?rest_route=\/wp\/v2\/pages\/81","targetHints":{"allow":["GET"]}}],"collection":[{"href":"https:\/\/diehebammeimseewinkel.at\/index.php?rest_route=\/wp\/v2\/pages"}],"about":[{"href":"https:\/\/diehebammeimseewinkel.at\/index.php?rest_route=\/wp\/v2\/types\/page"}],"author":[{"embeddable":true,"href":"https:\/\/diehebammeimseewinkel.at\/index.php?rest_route=\/wp\/v2\/users\/1"}],"replies":[{"embeddable":true,"href":"https:\/\/diehebammeimseewinkel.at\/index.php?rest_route=%2Fwp%2Fv2%2Fcomments&post=81"}],"version-history":[{"count":26,"href":"https:\/\/diehebammeimseewinkel.at\/index.php?rest_route=\/wp\/v2\/pages\/81\/revisions"}],"predecessor-version":[{"id":701,"href":"https:\/\/diehebammeimseewinkel.at\/index.php?rest_route=\/wp\/v2\/pages\/81\/revisions\/701"}],"wp:attachment":[{"href":"https:\/\/diehebammeimseewinkel.at\/index.php?rest_route=%2Fwp%2Fv2%2Fmedia&parent=81"}],"curies":[{"name":"wp","href":"https:\/\/api.w.org\/{rel}","templated":true}]}}